{"id":1229,"date":"2022-11-15T13:55:41","date_gmt":"2022-11-15T18:55:41","guid":{"rendered":"https:\/\/saascan.ca\/?page_id=1229"},"modified":"2022-11-15T13:56:19","modified_gmt":"2022-11-15T18:56:19","slug":"formulaire-de-telechargement-des-rapports-cles-2","status":"publish","type":"page","link":"https:\/\/saascan.ca\/fr\/formulaire-de-telechargement-des-rapports-cles-2\/","title":{"rendered":"Formulaire de t\u00e9l\u00e9chargement des rapports cl\u00e9s 2"},"content":{"rendered":"","protected":false},"excerpt":{"rendered":"","protected":false},"author":1,"featured_media":0,"parent":0,"menu_order":101,"comment_status":"closed","ping_status":"closed","template":"","meta":{"footnotes":""},"class_list":["post-1229","page","type-page","status-publish","hentry"],"acf":[],"_links":{"self":[{"href":"https:\/\/saascan.ca\/fr\/wp-json\/wp\/v2\/pages\/1229","targetHints":{"allow":["GET"]}}],"collection":[{"href":"https:\/\/saascan.ca\/fr\/wp-json\/wp\/v2\/pages"}],"about":[{"href":"https:\/\/saascan.ca\/fr\/wp-json\/wp\/v2\/types\/page"}],"author":[{"embeddable":true,"href":"https:\/\/saascan.ca\/fr\/wp-json\/wp\/v2\/users\/1"}],"replies":[{"embeddable":true,"href":"https:\/\/saascan.ca\/fr\/wp-json\/wp\/v2\/comments?post=1229"}],"version-history":[{"count":2,"href":"https:\/\/saascan.ca\/fr\/wp-json\/wp\/v2\/pages\/1229\/revisions"}],"predecessor-version":[{"id":1231,"href":"https:\/\/saascan.ca\/fr\/wp-json\/wp\/v2\/pages\/1229\/revisions\/1231"}],"wp:attachment":[{"href":"https:\/\/saascan.ca\/fr\/wp-json\/wp\/v2\/media?parent=1229"}],"curies":[{"name":"wp","href":"https:\/\/api.w.org\/{rel}","templated":true}]}}